{"id":9451,"date":"2018-05-24T14:47:18","date_gmt":"2018-05-24T14:47:18","guid":{"rendered":"https:\/\/elviart.com\/product\/pain-pita-premium-au-fecule-de-mais\/"},"modified":"2022-05-25T16:07:32","modified_gmt":"2022-05-25T13:07:32","slug":"pain-pita-premium-au-fecule-de-mais","status":"publish","type":"product","link":"https:\/\/elviart.com\/fr\/produit\/pain-pita-premium-au-fecule-de-mais\/","title":{"rendered":"Pain pita pr\u00e9mium au f\u00e9cule de ma\u00efs"},"content":{"rendered":"<p><br data-mce-bogus=\"1\"><\/p>\n","protected":false},"excerpt":{"rendered":"<p>Le pain pita le plus l\u00e9ger que vous ayez jamais mang\u00e9&#8230; fait \u00e0 partir de f\u00e9cule de ma\u00efs!<\/p>\n","protected":false},"featured_media":7014,"template":"","meta":[],"product_brand":[],"product_cat":[374],"product_tag":[],"class_list":{"0":"post-9451","1":"product","2":"type-product","3":"status-publish","4":"has-post-thumbnail","6":"product_cat-non-classifiee","8":"first","9":"instock","10":"featured","11":"downloadable","12":"shipping-taxable","13":"product-type-simple"},"yoast_head":"<!-- This site is optimized with the Yoast SEO plugin v27.3 - https:\/\/yoast.com\/product\/yoast-seo-wordpress\/ -->\n<title>Pain pita pr\u00e9mium au f\u00e9cule de ma\u00efs - Elviart<\/title>\n<meta name=\"robots\" content=\"index, follow, max-snippet:-1, max-image-preview:large, max-video-preview:-1\" \/>\n<link rel=\"canonical\" href=\"https:\/\/elviart.com\/fr\/produit\/pain-pita-premium-au-fecule-de-mais\/\" \/>\n<meta property=\"og:locale\" content=\"fr_FR\" \/>\n<meta property=\"og:type\" content=\"article\" \/>\n<meta property=\"og:title\" content=\"Pain pita pr\u00e9mium au f\u00e9cule de ma\u00efs - Elviart\" \/>\n<meta property=\"og:description\" content=\"Le pain pita le plus l\u00e9ger que vous ayez jamais mang\u00e9... fait \u00e0 partir de f\u00e9cule de ma\u00efs!\" \/>\n<meta property=\"og:url\" content=\"https:\/\/elviart.com\/fr\/produit\/pain-pita-premium-au-fecule-de-mais\/\" \/>\n<meta property=\"og:site_name\" content=\"Elviart\" \/>\n<meta property=\"article:modified_time\" content=\"2022-05-25T13:07:32+00:00\" \/>\n<meta property=\"og:image\" content=\"https:\/\/elviart.com\/wp-content\/uploads\/2018\/05\/kalampoki-edit-1.png\" \/>\n\t<meta property=\"og:image:width\" content=\"1200\" \/>\n\t<meta property=\"og:image:height\" content=\"1200\" \/>\n\t<meta property=\"og:image:type\" content=\"image\/png\" \/>\n<meta name=\"twitter:card\" content=\"summary_large_image\" \/>\n<script type=\"application\/ld+json\" class=\"yoast-schema-graph\">{\"@context\":\"https:\\\/\\\/schema.org\",\"@graph\":[{\"@type\":\"WebPage\",\"@id\":\"https:\\\/\\\/elviart.com\\\/fr\\\/produit\\\/pain-pita-premium-au-fecule-de-mais\\\/\",\"url\":\"https:\\\/\\\/elviart.com\\\/fr\\\/produit\\\/pain-pita-premium-au-fecule-de-mais\\\/\",\"name\":\"Pain pita pr\u00e9mium au f\u00e9cule de ma\u00efs - Elviart\",\"isPartOf\":{\"@id\":\"https:\\\/\\\/elviart.com\\\/fr\\\/#website\"},\"primaryImageOfPage\":{\"@id\":\"https:\\\/\\\/elviart.com\\\/fr\\\/produit\\\/pain-pita-premium-au-fecule-de-mais\\\/#primaryimage\"},\"image\":{\"@id\":\"https:\\\/\\\/elviart.com\\\/fr\\\/produit\\\/pain-pita-premium-au-fecule-de-mais\\\/#primaryimage\"},\"thumbnailUrl\":\"https:\\\/\\\/elviart.com\\\/wp-content\\\/uploads\\\/2018\\\/05\\\/kalampoki-edit-1.png\",\"datePublished\":\"2018-05-24T14:47:18+00:00\",\"dateModified\":\"2022-05-25T13:07:32+00:00\",\"breadcrumb\":{\"@id\":\"https:\\\/\\\/elviart.com\\\/fr\\\/produit\\\/pain-pita-premium-au-fecule-de-mais\\\/#breadcrumb\"},\"inLanguage\":\"fr-FR\",\"potentialAction\":[{\"@type\":\"ReadAction\",\"target\":[\"https:\\\/\\\/elviart.com\\\/fr\\\/produit\\\/pain-pita-premium-au-fecule-de-mais\\\/\"]}]},{\"@type\":\"ImageObject\",\"inLanguage\":\"fr-FR\",\"@id\":\"https:\\\/\\\/elviart.com\\\/fr\\\/produit\\\/pain-pita-premium-au-fecule-de-mais\\\/#primaryimage\",\"url\":\"https:\\\/\\\/elviart.com\\\/wp-content\\\/uploads\\\/2018\\\/05\\\/kalampoki-edit-1.png\",\"contentUrl\":\"https:\\\/\\\/elviart.com\\\/wp-content\\\/uploads\\\/2018\\\/05\\\/kalampoki-edit-1.png\",\"width\":1200,\"height\":1200},{\"@type\":\"BreadcrumbList\",\"@id\":\"https:\\\/\\\/elviart.com\\\/fr\\\/produit\\\/pain-pita-premium-au-fecule-de-mais\\\/#breadcrumb\",\"itemListElement\":[{\"@type\":\"ListItem\",\"position\":1,\"name\":\"Home\",\"item\":\"https:\\\/\\\/elviart.com\\\/fr\\\/\"},{\"@type\":\"ListItem\",\"position\":2,\"name\":\"Produits\",\"item\":\"https:\\\/\\\/elviart.com\\\/fr\\\/produits\\\/\"},{\"@type\":\"ListItem\",\"position\":3,\"name\":\"Pain pita pr\u00e9mium au f\u00e9cule de ma\u00efs\"}]},{\"@type\":\"WebSite\",\"@id\":\"https:\\\/\\\/elviart.com\\\/fr\\\/#website\",\"url\":\"https:\\\/\\\/elviart.com\\\/fr\\\/\",\"name\":\"Elviart\",\"description\":\"\u03a0\u03af\u03c4\u03b5\u03c2 \u039a\u03b1\u03bb\u03bf\u03ca\u03b4\u03ac\u03c2, \u03c0\u03c1\u03ad\u03c0\u03b5\u03b9 \u03bd\u03b1 \u03c6\u03b1\u03c2\",\"potentialAction\":[{\"@type\":\"SearchAction\",\"target\":{\"@type\":\"EntryPoint\",\"urlTemplate\":\"https:\\\/\\\/elviart.com\\\/fr\\\/?s={search_term_string}\"},\"query-input\":{\"@type\":\"PropertyValueSpecification\",\"valueRequired\":true,\"valueName\":\"search_term_string\"}}],\"inLanguage\":\"fr-FR\"}]}<\/script>\n<!-- \/ Yoast SEO plugin. -->","yoast_head_json":{"title":"Pain pita pr\u00e9mium au f\u00e9cule de ma\u00efs - Elviart","robots":{"index":"index","follow":"follow","max-snippet":"max-snippet:-1","max-image-preview":"max-image-preview:large","max-video-preview":"max-video-preview:-1"},"canonical":"https:\/\/elviart.com\/fr\/produit\/pain-pita-premium-au-fecule-de-mais\/","og_locale":"fr_FR","og_type":"article","og_title":"Pain pita pr\u00e9mium au f\u00e9cule de ma\u00efs - Elviart","og_description":"Le pain pita le plus l\u00e9ger que vous ayez jamais mang\u00e9... fait \u00e0 partir de f\u00e9cule de ma\u00efs!","og_url":"https:\/\/elviart.com\/fr\/produit\/pain-pita-premium-au-fecule-de-mais\/","og_site_name":"Elviart","article_modified_time":"2022-05-25T13:07:32+00:00","og_image":[{"width":1200,"height":1200,"url":"https:\/\/elviart.com\/wp-content\/uploads\/2018\/05\/kalampoki-edit-1.png","type":"image\/png"}],"twitter_card":"summary_large_image","schema":{"@context":"https:\/\/schema.org","@graph":[{"@type":"WebPage","@id":"https:\/\/elviart.com\/fr\/produit\/pain-pita-premium-au-fecule-de-mais\/","url":"https:\/\/elviart.com\/fr\/produit\/pain-pita-premium-au-fecule-de-mais\/","name":"Pain pita pr\u00e9mium au f\u00e9cule de ma\u00efs - Elviart","isPartOf":{"@id":"https:\/\/elviart.com\/fr\/#website"},"primaryImageOfPage":{"@id":"https:\/\/elviart.com\/fr\/produit\/pain-pita-premium-au-fecule-de-mais\/#primaryimage"},"image":{"@id":"https:\/\/elviart.com\/fr\/produit\/pain-pita-premium-au-fecule-de-mais\/#primaryimage"},"thumbnailUrl":"https:\/\/elviart.com\/wp-content\/uploads\/2018\/05\/kalampoki-edit-1.png","datePublished":"2018-05-24T14:47:18+00:00","dateModified":"2022-05-25T13:07:32+00:00","breadcrumb":{"@id":"https:\/\/elviart.com\/fr\/produit\/pain-pita-premium-au-fecule-de-mais\/#breadcrumb"},"inLanguage":"fr-FR","potentialAction":[{"@type":"ReadAction","target":["https:\/\/elviart.com\/fr\/produit\/pain-pita-premium-au-fecule-de-mais\/"]}]},{"@type":"ImageObject","inLanguage":"fr-FR","@id":"https:\/\/elviart.com\/fr\/produit\/pain-pita-premium-au-fecule-de-mais\/#primaryimage","url":"https:\/\/elviart.com\/wp-content\/uploads\/2018\/05\/kalampoki-edit-1.png","contentUrl":"https:\/\/elviart.com\/wp-content\/uploads\/2018\/05\/kalampoki-edit-1.png","width":1200,"height":1200},{"@type":"BreadcrumbList","@id":"https:\/\/elviart.com\/fr\/produit\/pain-pita-premium-au-fecule-de-mais\/#breadcrumb","itemListElement":[{"@type":"ListItem","position":1,"name":"Home","item":"https:\/\/elviart.com\/fr\/"},{"@type":"ListItem","position":2,"name":"Produits","item":"https:\/\/elviart.com\/fr\/produits\/"},{"@type":"ListItem","position":3,"name":"Pain pita pr\u00e9mium au f\u00e9cule de ma\u00efs"}]},{"@type":"WebSite","@id":"https:\/\/elviart.com\/fr\/#website","url":"https:\/\/elviart.com\/fr\/","name":"Elviart","description":"\u03a0\u03af\u03c4\u03b5\u03c2 \u039a\u03b1\u03bb\u03bf\u03ca\u03b4\u03ac\u03c2, \u03c0\u03c1\u03ad\u03c0\u03b5\u03b9 \u03bd\u03b1 \u03c6\u03b1\u03c2","potentialAction":[{"@type":"SearchAction","target":{"@type":"EntryPoint","urlTemplate":"https:\/\/elviart.com\/fr\/?s={search_term_string}"},"query-input":{"@type":"PropertyValueSpecification","valueRequired":true,"valueName":"search_term_string"}}],"inLanguage":"fr-FR"}]}},"_links":{"self":[{"href":"https:\/\/elviart.com\/fr\/wp-json\/wp\/v2\/product\/9451","targetHints":{"allow":["GET"]}}],"collection":[{"href":"https:\/\/elviart.com\/fr\/wp-json\/wp\/v2\/product"}],"about":[{"href":"https:\/\/elviart.com\/fr\/wp-json\/wp\/v2\/types\/product"}],"wp:featuredmedia":[{"embeddable":true,"href":"https:\/\/elviart.com\/fr\/wp-json\/wp\/v2\/media\/7014"}],"wp:attachment":[{"href":"https:\/\/elviart.com\/fr\/wp-json\/wp\/v2\/media?parent=9451"}],"wp:term":[{"taxonomy":"product_brand","embeddable":true,"href":"https:\/\/elviart.com\/fr\/wp-json\/wp\/v2\/product_brand?post=9451"},{"taxonomy":"product_cat","embeddable":true,"href":"https:\/\/elviart.com\/fr\/wp-json\/wp\/v2\/product_cat?post=9451"},{"taxonomy":"product_tag","embeddable":true,"href":"https:\/\/elviart.com\/fr\/wp-json\/wp\/v2\/product_tag?post=9451"}],"curies":[{"name":"wp","href":"https:\/\/api.w.org\/{rel}","templated":true}]}}