{"id":9233,"date":"2018-10-31T11:39:18","date_gmt":"2018-10-31T11:39:18","guid":{"rendered":"https:\/\/elviart.com\/lhistoire-de-nos-pain-pita\/"},"modified":"2018-10-31T11:39:18","modified_gmt":"2018-10-31T11:39:18","slug":"lhistoire-de-nos-pain-pita","status":"publish","type":"page","link":"https:\/\/elviart.com\/fr\/lhistoire-de-nos-pain-pita\/","title":{"rendered":"L\u2019histoire de nos pain pita"},"content":{"rendered":"\n\n<div class=\"overlay-border-custom\">\n\n        \n\n<ul class=\"uk-subnav uk-subnav-line uk-flex-center\" data-uk-switcher=\"{connect:'#wk-bc8',animation:'fade'}\">\n        <li><a href=\"\">D\u00e9vouement<\/a><\/li>\n        <li><a href=\"\">T\u00e9nacit\u00e9<\/a><\/li>\n        <li><a href=\"\">Engagement<\/a><\/li>\n        <li><a href=\"\">Fondation<\/a><\/li>\n        <li><a href=\"\">Export<\/a><\/li>\n        <li><a href=\"\">Innovation<\/a><\/li>\n        <li><a href=\"\">Exp\u00e9rience<\/a><\/li>\n<\/ul>\n\n    \n    \n<ul id=\"wk-bc8\" class=\"uk-switcher uk-text-left uk-margin-top\" data-uk-check-display>\n\n    \n    <li>\n        <div class=\"uk-panel uk-panel-space\">\n\n            \n                        <div class=\"uk-grid \" data-uk-grid-margin>\n                <div class=\"uk-width-medium-2-5\">\n                    <div class=\"uk-overlay uk-overlay-hover \"><img decoding=\"async\" src=\"https:\/\/elviart.com\/wp-content\/uploads\/2018\/03\/Thelisi.jpg\" alt=\"D\u00e9vouement\"><a class=\"uk-position-cover\" href=\"https:\/\/elviart.com\/fr\/devouement\/\"><\/a><\/div>                <\/div>\n                <div class=\"uk-width-medium-3-5\">\n                    <div class=\"uk-panel\">\n            \n            \n            \n                        <div class=\"uk-margin\"><p><strong>Derri\u00e8re chaque saveur se cache&#8230; notre d\u00e9vouement \u00e0 notre art.<\/strong><\/p>\n<p>Notre histoire commence par un voyage en 1920.<\/p>\n<p>L&rsquo;arri\u00e8re-grand-p\u00e8re, Vasileios Kaloidas, accompagn\u00e9 de sa femme et de leurs deux enfants, quitte la ville de R\u00e9thymnon en Cr\u00e8te pour Ath\u00e8nes. L\u00e0, il ouvre la premi\u00e8re boulangerie de la famille, \u00e0 Kallithea, dans la rue Arsaki. Un peu plus tard, il ouvre une deuxi\u00e8me boulangerie dans le quartier de Plaka \u00e0 Ath\u00e8nes.<\/p>\n<p>Son entreprise grandit&#8230; et sa famille aussi : il est d\u00e9sormais p\u00e8re de 11 enfants. Cependant, juste avant la guerre en 1937, la famille perd soudainement la m\u00e8re dans un accident. Ainsi, l&rsquo;arri\u00e8re-grand-p\u00e8re vend la boulangerie de Plaka pour se consacrer \u00e0 l\u2019\u00e9ducation de ses enfants.<\/p>\n<\/div>\n            \n            \n            \n            \n                                <\/div>\n                <\/div>\n            <\/div>\n            \n        <\/div>\n    <\/li>\n\n\n    \n    <li>\n        <div class=\"uk-panel uk-panel-space\">\n\n            \n                        <div class=\"uk-grid \" data-uk-grid-margin>\n                <div class=\"uk-width-medium-2-5\">\n                    <div class=\"uk-overlay uk-overlay-hover \"><img decoding=\"async\" src=\"https:\/\/elviart.com\/wp-content\/uploads\/2018\/03\/Arxi2.jpg\" alt=\"T\u00e9nacit\u00e9\"><a class=\"uk-position-cover\" href=\"https:\/\/elviart.com\/fr\/tenacite\/\"><\/a><\/div>                <\/div>\n                <div class=\"uk-width-medium-3-5\">\n                    <div class=\"uk-panel\">\n            \n            \n            \n                        <div class=\"uk-margin\"><p><strong>Les origines traditionnelles d\u2019un art durable<\/strong><\/p>\n<p>Leur dixi\u00e8me enfant, Georgios Kaloidas, a brill\u00e9 non seulement dans ses \u00e9tudes, mais aussi dans le sport. Footballeur convoit\u00e9 \u00e0 l\u2019\u00e9poque, il a jou\u00e9 en premi\u00e8re division dans l\u2019\u00e9quipe d\u2019ESPEROS Kallithea, l\u2019\u00e9quipe nationale de la Gr\u00e8ce, et l\u2019\u00e9quipe de Panionios, contre AEK et Panathinaikos.\u00a0L\u2019\u00e9quipe de Panionios lui a initialement offert une place dans l\u2019\u00e9quipe mais son club de football ESPEROS n\u2019a pas accept\u00e9 de le c\u00e9der.<\/p>\n<p>\u00c0 l\u2019\u00e9poque, un refus \u00e9tait sanctionn\u00e9 par une exclusion du jeu pendant trois ans. L\u2019\u00e9quipe de Panionios a insist\u00e9 toutefois pour le r\u00e9mun\u00e9rer pendant les trois ann\u00e9es d\u2019attente, donnant ainsi \u00e0 Georgios&#8230; les moyens, le temps et la motivation&#8230; de reprendre aux c\u00f4t\u00e9s de son p\u00e8re la direction de l\u2019affaire familiale. Ils avaient \u00e9t\u00e9 forc\u00e9s de la mettre en location pour des raisons financi\u00e8res. Il a commenc\u00e9 alors un travail intensif \u00e0 la boulangerie familiale, le premier \u00e9tape d\u2019un long et fructueux p\u00e9riple dans l\u2019art de la boulangerie.<\/p>\n<\/div>\n            \n            \n            \n            \n                                <\/div>\n                <\/div>\n            <\/div>\n            \n        <\/div>\n    <\/li>\n\n\n    \n    <li>\n        <div class=\"uk-panel uk-panel-space\">\n\n            \n                        <div class=\"uk-grid \" data-uk-grid-margin>\n                <div class=\"uk-width-medium-2-5\">\n                    <div class=\"uk-overlay uk-overlay-hover \"><img decoding=\"async\" src=\"https:\/\/elviart.com\/wp-content\/uploads\/2018\/03\/Afosiosi.jpg\" alt=\"Engagement\"><a class=\"uk-position-cover\" href=\"https:\/\/elviart.com\/fr\/engagement\/\"><\/a><\/div>                <\/div>\n                <div class=\"uk-width-medium-3-5\">\n                    <div class=\"uk-panel\">\n            \n            \n            \n                        <div class=\"uk-margin\"><p><strong>L\u2019\u00e9tape suivante&#8230; l\u2019engagement<\/strong><\/p>\n<p>L\u2019esprit agit\u00e9 de G. Kaloidas l\u2019oriente dans la bonne direction.<\/p>\n<p>Il a \u00e9tudi\u00e9 le march\u00e9 pour conna\u00eetre la demande et identifier les habitudes alimentaires de l\u2019\u00e9poque. Suite \u00e0 cette \u00e9tude, il a d\u00e9cid\u00e9 de se concentrer sur la fabrication de pain pita pour le souvlaki. Au d\u00e9part, il s\u2019agissait d\u2019une production \u00e0 petite \u00e9chelle et il parcourait lui-m\u00eame \u00e0 v\u00e9lo les rues de Plaka, distribuant les premiers pains pita.<\/p>\n<p>En effet, alors que la production augmentait de mani\u00e8re importante, un chauffeur \u00e0 mobylette assurait cette distribution. Ainsi, au d\u00e9but des ann\u00e9es 1950, G. Kaloidas d\u00e9cide de se consacrer \u00e0 la confection de pains pita et de laisser le pain de c\u00f4t\u00e9.<\/p>\n<\/div>\n            \n            \n            \n            \n                                <\/div>\n                <\/div>\n            <\/div>\n            \n        <\/div>\n    <\/li>\n\n\n    \n    <li>\n        <div class=\"uk-panel uk-panel-space\">\n\n            \n                        <div class=\"uk-grid \" data-uk-grid-margin>\n                <div class=\"uk-width-medium-2-5\">\n                    <div class=\"uk-overlay uk-overlay-hover \"><img decoding=\"async\" src=\"https:\/\/elviart.com\/wp-content\/uploads\/2018\/03\/Idrisi.jpg\" alt=\"Fondation\"><a class=\"uk-position-cover\" href=\"https:\/\/elviart.com\/fr\/fondation\/\"><\/a><\/div>                <\/div>\n                <div class=\"uk-width-medium-3-5\">\n                    <div class=\"uk-panel\">\n            \n            \n            \n                        <div class=\"uk-margin\"><p><strong>L\u2019ann\u00e9e de&#8230; l\u2019\u00e9tablissement<\/strong><\/p>\n<p>1952 fut l\u2019ann\u00e9e marquante pour la production coordonn\u00e9e de pains pita.<\/p>\n<p>Pendant les neuf ann\u00e9es suivantes, G. Kaloidas travaille dur et r\u00e9ussit \u00e0 acheter le terrain situ\u00e9 au 5 de la rue Psiloreitou, \u00e0 Kallithea, o\u00f9 l\u2019entreprise s\u2019installe en 1961.\u00a0 Deux \u00e9tages suppl\u00e9mentaires s\u2019ajoutent aux nouveaux locaux, permettant ainsi d\u2019automatiser la production car l\u2019atelier d\u2019origine ne peut plus r\u00e9pondre \u00e0 la demande.<\/p>\n<p>\u00c0 l\u2019\u00e9poque, un tel objectif repr\u00e9sentait un d\u00e9fi significatif car le p\u00e9trissage, la mise au four et la cuisson \u00e9taient enti\u00e8rement r\u00e9alis\u00e9s \u00e0 la main. Malgr\u00e9 ces difficult\u00e9s, en 1969-1970, G. Kaloidas cr\u00e9e un nouveau type de four. Il \u00e9tait dot\u00e9 d\u2019une bande de 10 m\u00e8tres et la p\u00e2te, fa\u00e7onn\u00e9e \u00e0 la main par trois boulangers, \u00e9tait mise au four par une ouverture et les pains pita ressortaient par une autre ouverture.<\/p>\n<p>Le four fut ensuite perfectionn\u00e9 sur les conseils d\u2019un m\u00e9canicien qui travaillait en partenariat avec G. Kaloidas. Les pitas \u00e9taient d\u00e9sormais press\u00e9s par une machine sp\u00e9cifique et la production \u00e9tait acc\u00e9l\u00e9r\u00e9e pour r\u00e9pondre \u00e0 la demande. La soci\u00e9t\u00e9 s\u2019appelle d\u00e9sormais G. Kaloidas &amp; Co Ltd.<\/p>\n<\/div>\n            \n            \n            \n            \n                                <\/div>\n                <\/div>\n            <\/div>\n            \n        <\/div>\n    <\/li>\n\n\n    \n    <li>\n        <div class=\"uk-panel uk-panel-space\">\n\n            \n                        <div class=\"uk-grid \" data-uk-grid-margin>\n                <div class=\"uk-width-medium-2-5\">\n                    <div class=\"uk-overlay uk-overlay-hover \"><img decoding=\"async\" src=\"https:\/\/elviart.com\/wp-content\/uploads\/2018\/03\/exagwges-2.jpg\" alt=\"Export\"><a class=\"uk-position-cover\" href=\"https:\/\/elviart.com\/fr\/export\/\"><\/a><\/div>                <\/div>\n                <div class=\"uk-width-medium-3-5\">\n                    <div class=\"uk-panel\">\n            \n            \n            \n                        <div class=\"uk-margin\"><p><strong>Une p\u00e2te familiale pour une entreprise familiale.<\/strong><\/p>\n<p>En 1979, le fils de G. Kaloidas, Marios, qui avait travaill\u00e9 \u00e0 la fois dans la production et la livraison depuis sa jeunesse, prend les r\u00eanes de la gestion active de l\u2019entreprise.<\/p>\n<p>C\u2019est un tournant important dans la concr\u00e9tisation d\u2019un r\u00eave partag\u00e9 par le p\u00e8re et son fils : la modernisation de la production de pains pita pour le souvlaki.\u00a0 L\u2019entreprise poursuit son d\u00e9veloppement \u00e0 l\u2019exportation. En 1982, la soci\u00e9t\u00e9 prend un premier contact avec l\u2019Allemagne. Ceci entra\u00eene une augmentation consid\u00e9rable de la production, et trois ans plus tard, la soci\u00e9t\u00e9 ach\u00e8te un nouveau terrain \u00e0 Aspropyrgos, o\u00f9 se trouve encore aujourd\u2019hui l\u2019usine de la soci\u00e9t\u00e9.<\/p>\n<\/div>\n            \n            \n            \n            \n                                <\/div>\n                <\/div>\n            <\/div>\n            \n        <\/div>\n    <\/li>\n\n\n    \n    <li>\n        <div class=\"uk-panel uk-panel-space\">\n\n            \n                        <div class=\"uk-grid \" data-uk-grid-margin>\n                <div class=\"uk-width-medium-2-5\">\n                    <div class=\"uk-overlay uk-overlay-hover \"><img decoding=\"async\" src=\"https:\/\/elviart.com\/wp-content\/uploads\/2018\/03\/Kainotomia-2.jpg\" alt=\"Innovation\"><a class=\"uk-position-cover\" href=\"https:\/\/elviart.com\/fr\/innovation\/\"><\/a><\/div>                <\/div>\n                <div class=\"uk-width-medium-3-5\">\n                    <div class=\"uk-panel\">\n            \n            \n            \n                        <div class=\"uk-margin\"><p><strong>L\u2019innovation&#8230; un pr\u00e9requis pour atteindre les sommets\u00a0!<\/strong><\/p>\n<p>L\u2019amour que M. Kaloidas a port\u00e9 \u00e0 l\u2019affaire familiale ainsi que son d\u00e9vouement \u00e0 la fabrication du meilleur pain pita pour le souvlaki ont \u00e9t\u00e9 les deux \u00ab\u00a0\u00e9tincelles\u00a0\u00bb qui ont inspir\u00e9 sa vision d\u2019exportation des produits \u00e0 l\u2019\u00e9tranger. Ainsi, d\u00e8s 1987, la soci\u00e9t\u00e9 participe \u00e0 des salons internationaux, tels que Anuga en Allemagne, Sial en France, Ife \u00e0 Londres, Alimentaria \u00e0 Barcelone et DEPROP en Gr\u00e8ce. Deux ans plus tard, le lancement du produit sur les march\u00e9s internationaux a \u00e9galement permis de consolider la pr\u00e9sence de la soci\u00e9t\u00e9 par la cr\u00e9ation du logo ELVIART, une abr\u00e9viation de \u00ab\u00a0<em>Ellinikis Biomichanias Artoskeuasmata\u00a0\u00bb <\/em>(industrie boulang\u00e8re grecque).<\/p>\n<p>ELVIART fut la premi\u00e8re entreprise grecque \u00e0 exporter du pain pita.<\/p>\n<\/div>\n            \n            \n            \n            \n                                <\/div>\n                <\/div>\n            <\/div>\n            \n        <\/div>\n    <\/li>\n\n\n    \n    <li>\n        <div class=\"uk-panel uk-panel-space\">\n\n            \n                        <div class=\"uk-grid \" data-uk-grid-margin>\n                <div class=\"uk-width-medium-2-5\">\n                    <div class=\"uk-overlay uk-overlay-hover \"><img decoding=\"async\" src=\"https:\/\/elviart.com\/wp-content\/uploads\/2018\/03\/Empeiria-2.jpg\" alt=\"Exp\u00e9rience\"><a class=\"uk-position-cover\" href=\"https:\/\/elviart.com\/fr\/experience\/\"><\/a><\/div>                <\/div>\n                <div class=\"uk-width-medium-3-5\">\n                    <div class=\"uk-panel\">\n            \n            \n            \n                        <div class=\"uk-margin\"><p><strong>Notre alli\u00e9e\u00a0: l\u2019exp\u00e9rience<\/strong><\/p>\n<p>Solidement enracin\u00e9e dans son pass\u00e9, ELIVART poursuit une croissance stable et se voit promise \u00e0 un avenir prometteur\u00a0!<\/p>\n<p>L\u2019ambition de Marios Kaloidas \u00e9tait la force motrice qui a fait la r\u00e9putation de la soci\u00e9t\u00e9 en Gr\u00e8ce et dans presque toute l\u2019Europe. Sa passion et sa t\u00e9nacit\u00e9 sont rest\u00e9es constantes au fil des ann\u00e9es et lui ont \u00e9t\u00e9 d\u2019une aide pr\u00e9cieuse lorsqu\u2019il a \u00e9t\u00e9 confront\u00e9 \u00e0 des d\u00e9cisions difficiles.\u00a0 L\u2019une de ces d\u00e9cisions fut d\u2019acheter toutes les actions des partenaires en 2013.<\/p>\n<p>Forte de 98 ann\u00e9es d\u2019existence, 66 ann\u00e9es de savoir-faire et 33 ann\u00e9es d\u2019exp\u00e9rience, la soci\u00e9t\u00e9 enti\u00e8re fut ainsi confi\u00e9e \u00e0 Marios Kaloidas et ses enfants, Giorgos M. Kaloidas et Thaleia Kaloida, qui travaillent \u00e0 l\u2019entreprise familiale avec le m\u00eame d\u00e9vouement et le m\u00eame amour que leurs anc\u00eatres.<\/p>\n<\/div>\n            \n            \n            \n            \n                                <\/div>\n                <\/div>\n            <\/div>\n            \n        <\/div>\n    <\/li>\n\n<\/ul>\n\n    \n<\/div>\n\n\n","protected":false},"excerpt":{"rendered":"","protected":false},"author":1,"featured_media":0,"parent":0,"menu_order":0,"comment_status":"closed","ping_status":"closed","template":"page-pie-story.php","meta":{"footnotes":""},"class_list":["post-9233","page","type-page","status-publish","hentry"],"yoast_head":"<!-- This site is optimized with the Yoast SEO plugin v27.3 - https:\/\/yoast.com\/product\/yoast-seo-wordpress\/ -->\n<title>L\u2019histoire de nos pain pita - Elviart<\/title>\n<meta name=\"robots\" content=\"index, follow, max-snippet:-1, max-image-preview:large, max-video-preview:-1\" \/>\n<link rel=\"canonical\" href=\"https:\/\/elviart.com\/fr\/lhistoire-de-nos-pain-pita\/\" \/>\n<meta property=\"og:locale\" content=\"fr_FR\" \/>\n<meta property=\"og:type\" content=\"article\" \/>\n<meta property=\"og:title\" content=\"L\u2019histoire de nos pain pita - Elviart\" \/>\n<meta property=\"og:url\" content=\"https:\/\/elviart.com\/fr\/lhistoire-de-nos-pain-pita\/\" \/>\n<meta property=\"og:site_name\" content=\"Elviart\" \/>\n<meta name=\"twitter:card\" content=\"summary_large_image\" \/>\n<script type=\"application\/ld+json\" class=\"yoast-schema-graph\">{\"@context\":\"https:\\\/\\\/schema.org\",\"@graph\":[{\"@type\":\"WebPage\",\"@id\":\"https:\\\/\\\/elviart.com\\\/fr\\\/lhistoire-de-nos-pain-pita\\\/\",\"url\":\"https:\\\/\\\/elviart.com\\\/fr\\\/lhistoire-de-nos-pain-pita\\\/\",\"name\":\"L\u2019histoire de nos pain pita - Elviart\",\"isPartOf\":{\"@id\":\"https:\\\/\\\/elviart.com\\\/fr\\\/#website\"},\"datePublished\":\"2018-10-31T11:39:18+00:00\",\"breadcrumb\":{\"@id\":\"https:\\\/\\\/elviart.com\\\/fr\\\/lhistoire-de-nos-pain-pita\\\/#breadcrumb\"},\"inLanguage\":\"fr-FR\",\"potentialAction\":[{\"@type\":\"ReadAction\",\"target\":[\"https:\\\/\\\/elviart.com\\\/fr\\\/lhistoire-de-nos-pain-pita\\\/\"]}]},{\"@type\":\"BreadcrumbList\",\"@id\":\"https:\\\/\\\/elviart.com\\\/fr\\\/lhistoire-de-nos-pain-pita\\\/#breadcrumb\",\"itemListElement\":[{\"@type\":\"ListItem\",\"position\":1,\"name\":\"Home\",\"item\":\"https:\\\/\\\/elviart.com\\\/fr\\\/\"},{\"@type\":\"ListItem\",\"position\":2,\"name\":\"L\u2019histoire de nos pain pita\"}]},{\"@type\":\"WebSite\",\"@id\":\"https:\\\/\\\/elviart.com\\\/fr\\\/#website\",\"url\":\"https:\\\/\\\/elviart.com\\\/fr\\\/\",\"name\":\"Elviart\",\"description\":\"\u03a0\u03af\u03c4\u03b5\u03c2 \u039a\u03b1\u03bb\u03bf\u03ca\u03b4\u03ac\u03c2, \u03c0\u03c1\u03ad\u03c0\u03b5\u03b9 \u03bd\u03b1 \u03c6\u03b1\u03c2\",\"potentialAction\":[{\"@type\":\"SearchAction\",\"target\":{\"@type\":\"EntryPoint\",\"urlTemplate\":\"https:\\\/\\\/elviart.com\\\/fr\\\/?s={search_term_string}\"},\"query-input\":{\"@type\":\"PropertyValueSpecification\",\"valueRequired\":true,\"valueName\":\"search_term_string\"}}],\"inLanguage\":\"fr-FR\"}]}<\/script>\n<!-- \/ Yoast SEO plugin. -->","yoast_head_json":{"title":"L\u2019histoire de nos pain pita - Elviart","robots":{"index":"index","follow":"follow","max-snippet":"max-snippet:-1","max-image-preview":"max-image-preview:large","max-video-preview":"max-video-preview:-1"},"canonical":"https:\/\/elviart.com\/fr\/lhistoire-de-nos-pain-pita\/","og_locale":"fr_FR","og_type":"article","og_title":"L\u2019histoire de nos pain pita - Elviart","og_url":"https:\/\/elviart.com\/fr\/lhistoire-de-nos-pain-pita\/","og_site_name":"Elviart","twitter_card":"summary_large_image","schema":{"@context":"https:\/\/schema.org","@graph":[{"@type":"WebPage","@id":"https:\/\/elviart.com\/fr\/lhistoire-de-nos-pain-pita\/","url":"https:\/\/elviart.com\/fr\/lhistoire-de-nos-pain-pita\/","name":"L\u2019histoire de nos pain pita - Elviart","isPartOf":{"@id":"https:\/\/elviart.com\/fr\/#website"},"datePublished":"2018-10-31T11:39:18+00:00","breadcrumb":{"@id":"https:\/\/elviart.com\/fr\/lhistoire-de-nos-pain-pita\/#breadcrumb"},"inLanguage":"fr-FR","potentialAction":[{"@type":"ReadAction","target":["https:\/\/elviart.com\/fr\/lhistoire-de-nos-pain-pita\/"]}]},{"@type":"BreadcrumbList","@id":"https:\/\/elviart.com\/fr\/lhistoire-de-nos-pain-pita\/#breadcrumb","itemListElement":[{"@type":"ListItem","position":1,"name":"Home","item":"https:\/\/elviart.com\/fr\/"},{"@type":"ListItem","position":2,"name":"L\u2019histoire de nos pain pita"}]},{"@type":"WebSite","@id":"https:\/\/elviart.com\/fr\/#website","url":"https:\/\/elviart.com\/fr\/","name":"Elviart","description":"\u03a0\u03af\u03c4\u03b5\u03c2 \u039a\u03b1\u03bb\u03bf\u03ca\u03b4\u03ac\u03c2, \u03c0\u03c1\u03ad\u03c0\u03b5\u03b9 \u03bd\u03b1 \u03c6\u03b1\u03c2","potentialAction":[{"@type":"SearchAction","target":{"@type":"EntryPoint","urlTemplate":"https:\/\/elviart.com\/fr\/?s={search_term_string}"},"query-input":{"@type":"PropertyValueSpecification","valueRequired":true,"valueName":"search_term_string"}}],"inLanguage":"fr-FR"}]}},"_links":{"self":[{"href":"https:\/\/elviart.com\/fr\/wp-json\/wp\/v2\/pages\/9233","targetHints":{"allow":["GET"]}}],"collection":[{"href":"https:\/\/elviart.com\/fr\/wp-json\/wp\/v2\/pages"}],"about":[{"href":"https:\/\/elviart.com\/fr\/wp-json\/wp\/v2\/types\/page"}],"author":[{"embeddable":true,"href":"https:\/\/elviart.com\/fr\/wp-json\/wp\/v2\/users\/1"}],"replies":[{"embeddable":true,"href":"https:\/\/elviart.com\/fr\/wp-json\/wp\/v2\/comments?post=9233"}],"version-history":[{"count":0,"href":"https:\/\/elviart.com\/fr\/wp-json\/wp\/v2\/pages\/9233\/revisions"}],"wp:attachment":[{"href":"https:\/\/elviart.com\/fr\/wp-json\/wp\/v2\/media?parent=9233"}],"curies":[{"name":"wp","href":"https:\/\/api.w.org\/{rel}","templated":true}]}}