{"id":8008,"date":"2018-04-24T09:55:00","date_gmt":"2018-04-24T09:55:00","guid":{"rendered":"https:\/\/elviart.com\/social-responsibility\/"},"modified":"2018-08-06T12:17:20","modified_gmt":"2018-08-06T12:17:20","slug":"gesellschaftliche-verantwortung","status":"publish","type":"page","link":"https:\/\/elviart.com\/de\/gesellschaftliche-verantwortung\/","title":{"rendered":"Gesellschaftliche Verantwortung"},"content":{"rendered":"<p><section id=\"el-collage-bg\" class=\"bt_bb_section bt_bb_layout_boxed_1200 bt_bb_vertical_align_top elviart-parallax-bg\"  data-bt-override-class=\"null\"><div class=\"bt_bb_background_image_holder_wrapper\"><div class=\"bt_bb_background_image_holder\"  data-parallax-zoom-start=\"1\" data-parallax-zoom-end=\"1\" data-parallax-blur-start=\"0\" data-parallax-blur-end=\"0\" data-parallax-opacity-start=\"1\" data-parallax-opacity-end=\"1\" style=\" background-image:url(&#039;https:\/\/elviart.com\/wp-content\/uploads\/2018\/05\/koinoniki-euthini-1.jpg&#039;);\"><\/div><\/div><div class=\"bt_bb_port\"><div class=\"bt_bb_cell\"><div class=\"bt_bb_cell_inner\"><div class=\"bt_bb_row \"  data-bt-override-class=\"{}\"><div class=\"bt_bb_row_holder\" ><div  class=\"bt_bb_column col-xxl-12 col-xl-12 bt_bb_vertical_align_top bt_bb_align_left bt_bb_padding_normal\" style=\"; --column-width:12;\" data-width=\"12\" data-bt-override-class=\"{}\"><div class=\"bt_bb_column_content\"><div class=\"bt_bb_column_content_inner\"><div class=\"bt_bb_separator bt_bb_border_style_none bt_bb_top_spacing_large\" data-bt-override-class=\"null\"><\/div><\/div><\/div><\/div><\/div><\/div><\/div><!-- cell_inner --><\/div><!-- cell --><\/div><!-- port --><\/section><section id=\"bt_bb_section69e8f65e1f106\" class=\"bt_bb_section bt_bb_layout_boxed_1200 bt_bb_vertical_align_top profile-page-box\"  data-bt-override-class=\"null\"><div class=\"bt_bb_port\"><div class=\"bt_bb_cell\"><div class=\"bt_bb_cell_inner\"><div class=\"bt_bb_row \"  data-bt-override-class=\"{}\"><div class=\"bt_bb_row_holder\" ><div  class=\"bt_bb_column col-xxl-12 col-xl-12 bt_bb_vertical_align_top bt_bb_align_left bt_bb_padding_normal\" style=\"; --column-width:12;\" data-width=\"12\" data-bt-override-class=\"{}\"><div class=\"bt_bb_column_content\"><div class=\"bt_bb_column_content_inner\"><div class=\"bt_bb_separator bt_bb_border_style_none bt_bb_top_spacing_medium\" data-bt-override-class=\"null\"><\/div><\/div><\/div><\/div><\/div><\/div><div class=\"bt_bb_row \"  data-bt-override-class=\"{}\"><div class=\"bt_bb_row_holder\" ><div  class=\"bt_bb_column col-xxl-6 col-xl-6 bt_bb_vertical_align_middle bt_bb_align_center bt_bb_padding_normal bt_bb_animation_move_up animate\" style=\"; --column-width:6;\" data-width=\"6\" data-bt-override-class=\"{}\"><div class=\"bt_bb_column_content\"><div class=\"bt_bb_column_content_inner\"><div class=\"bt_bb_image ep-image-graph ep-left-graph bt_bb_shape_square bt_bb_target_self bt_bb_align_inherit bt_bb_hover_style_simple bt_bb_content_display_always bt_bb_content_align_middle\" data-bt-override-class=\"{}\"><span><img fetchpriority=\"high\" decoding=\"async\" width=\"900\" height=\"452\" src=\"https:\/\/elviart.com\/wp-content\/uploads\/2018\/04\/photo-koinoniki-euthini.jpg\" class=\"attachment-full size-full\" alt=\"https:\/\/elviart.com\/wp-content\/uploads\/2018\/04\/photo-koinoniki-euthini.jpg\" data-full_image_src=\"https:\/\/elviart.com\/wp-content\/uploads\/2018\/04\/photo-koinoniki-euthini.jpg\" title=\"photo-koinoniki-euthini\" loading=\"eager\" srcset=\"https:\/\/elviart.com\/wp-content\/uploads\/2018\/04\/photo-koinoniki-euthini.jpg 900w, https:\/\/elviart.com\/wp-content\/uploads\/2018\/04\/photo-koinoniki-euthini-300x151.jpg 300w, https:\/\/elviart.com\/wp-content\/uploads\/2018\/04\/photo-koinoniki-euthini-200x100.jpg 200w, https:\/\/elviart.com\/wp-content\/uploads\/2018\/04\/photo-koinoniki-euthini-600x301.jpg 600w, https:\/\/elviart.com\/wp-content\/uploads\/2018\/04\/photo-koinoniki-euthini-640x321.jpg 640w, https:\/\/elviart.com\/wp-content\/uploads\/2018\/04\/photo-koinoniki-euthini-768x386.jpg 768w\" sizes=\"(max-width: 900px) 100vw, 900px\" \/><\/span><\/div><div class=\"bt_bb_separator bt_bb_border_style_none bt_bb_bottom_spacing_normal\" data-bt-override-class=\"null\"><\/div><\/div><\/div><\/div><div  class=\"bt_bb_column col-xxl-6 col-xl-6 bt_bb_vertical_align_middle bt_bb_align_left bt_bb_padding_normal\" style=\"; --column-width:6;\" data-width=\"6\" data-bt-override-class=\"{}\"><div class=\"bt_bb_column_content\"><div class=\"bt_bb_column_content_inner\"><header class=\"bt_bb_headline profile-page-titles bt_bb_dash_none bt_bb_size_inherit bt_bb_align_inherit profile-page-titles\" data-bt-override-class=\"{}\"><h3 class=\"bt_bb_headline_tag\"><span class=\"bt_bb_headline_content\"><span>Gesellschaftliche Verantwortung<\/span><\/span><\/h3><\/header><div  class=\"bt_bb_text\" ><\/p>\n<p>Seit 1952 k\u00fcmmern wir uns um die Menschen, die uns vertrauen und bieten der griechischen Familie Geb\u00e4ck als notwendige Erg\u00e4nzung zu einer ausgewogenen Ern\u00e4hrung an.<\/p>\n<p>Mit einem Verantwortungsbewusstsein stellen wir die Qualit\u00e4t und Sicherheit unserer Produkte sicher und revanchieren die Pr\u00e4ferenzen unserer Kunden, indem wir ein umfassendes Corporate-Responsibility-Programm umsetzen.<\/p>\n<p>Aus diesem Grund bieten wir jedes Jahr Liebespaketen f\u00fcr Vereine, Gemeinden, soziale Dienste und Schulen an.<\/p>\n<p>\n<\/div><div class=\"bt_bb_separator bt_bb_border_style_none bt_bb_bottom_spacing_normal\" data-bt-override-class=\"null\"><\/div><\/div><\/div><\/div><\/div><\/div><\/div><!-- cell_inner --><\/div><!-- cell --><\/div><!-- port --><\/section><section id=\"bt_bb_section69e8f65e1fc7b\" class=\"bt_bb_section bt_bb_layout_boxed_1200\"  data-bt-override-class=\"null\"><div class=\"bt_bb_port\"><div class=\"bt_bb_cell\"><div class=\"bt_bb_cell_inner\"><div class=\"bt_bb_row \"  data-bt-override-class=\"{}\"><div class=\"bt_bb_row_holder\" ><div  class=\"bt_bb_column col-xxl-12 col-xl-12 bt_bb_vertical_align_top bt_bb_align_left bt_bb_padding_normal\" style=\"; --column-width:12;\" data-width=\"12\" data-bt-override-class=\"{}\"><div class=\"bt_bb_column_content\"><div class=\"bt_bb_column_content_inner\"><\/div><\/div><\/div><\/div><\/div><\/div><!-- cell_inner --><\/div><!-- cell --><\/div><!-- port --><\/section><section id=\"bt_bb_section69e8f65e1fe99\" class=\"bt_bb_section bt_bb_layout_boxed_1200 bt_bb_vertical_align_top profile-page-box\"  data-bt-override-class=\"null\"><div class=\"bt_bb_port\"><div class=\"bt_bb_cell\"><div class=\"bt_bb_cell_inner\"><div class=\"bt_bb_row \"  data-bt-override-class=\"{}\"><div class=\"bt_bb_row_holder\" ><div  class=\"bt_bb_column col-xxl-12 col-xl-12 bt_bb_vertical_align_top bt_bb_align_left bt_bb_padding_normal\" style=\"; --column-width:12;\" data-width=\"12\" data-bt-override-class=\"{}\"><div class=\"bt_bb_column_content\"><div class=\"bt_bb_column_content_inner\"><div class=\"bt_bb_separator bt_bb_border_style_none bt_bb_top_spacing_medium bt_bb_hidden_xs bt_bb_hidden_ms bt_bb_hidden_sm\" data-bt-override-class=\"null\"><\/div><\/div><\/div><\/div><\/div><\/div><div class=\"bt_bb_row \"  data-bt-override-class=\"{}\"><div class=\"bt_bb_row_holder\" ><\/div><\/div><\/div><!-- cell_inner --><\/div><!-- cell --><\/div><!-- port --><\/section><\/p>\n","protected":false},"excerpt":{"rendered":"","protected":false},"author":1,"featured_media":0,"parent":0,"menu_order":0,"comment_status":"closed","ping_status":"closed","template":"","meta":{"footnotes":""},"class_list":["post-8008","page","type-page","status-publish","hentry"],"yoast_head":"<!-- This site is optimized with the Yoast SEO plugin v27.3 - https:\/\/yoast.com\/product\/yoast-seo-wordpress\/ -->\n<title>Gesellschaftliche Verantwortung - Elviart<\/title>\n<meta name=\"robots\" content=\"index, follow, max-snippet:-1, max-image-preview:large, max-video-preview:-1\" \/>\n<link rel=\"canonical\" href=\"https:\/\/elviart.com\/de\/gesellschaftliche-verantwortung\/\" \/>\n<meta property=\"og:locale\" content=\"de_DE\" \/>\n<meta property=\"og:type\" content=\"article\" \/>\n<meta property=\"og:title\" content=\"Gesellschaftliche Verantwortung - Elviart\" \/>\n<meta property=\"og:url\" content=\"https:\/\/elviart.com\/de\/gesellschaftliche-verantwortung\/\" \/>\n<meta property=\"og:site_name\" content=\"Elviart\" \/>\n<meta property=\"article:modified_time\" content=\"2018-08-06T12:17:20+00:00\" \/>\n<meta name=\"twitter:card\" content=\"summary_large_image\" \/>\n<meta name=\"twitter:label1\" content=\"Gesch\u00e4tzte Lesezeit\" \/>\n\t<meta name=\"twitter:data1\" content=\"3\u00a0Minuten\" \/>\n<script type=\"application\/ld+json\" class=\"yoast-schema-graph\">{\"@context\":\"https:\\\/\\\/schema.org\",\"@graph\":[{\"@type\":\"WebPage\",\"@id\":\"https:\\\/\\\/elviart.com\\\/de\\\/gesellschaftliche-verantwortung\\\/\",\"url\":\"https:\\\/\\\/elviart.com\\\/de\\\/gesellschaftliche-verantwortung\\\/\",\"name\":\"Gesellschaftliche Verantwortung - Elviart\",\"isPartOf\":{\"@id\":\"https:\\\/\\\/elviart.com\\\/de\\\/#website\"},\"datePublished\":\"2018-04-24T09:55:00+00:00\",\"dateModified\":\"2018-08-06T12:17:20+00:00\",\"breadcrumb\":{\"@id\":\"https:\\\/\\\/elviart.com\\\/de\\\/gesellschaftliche-verantwortung\\\/#breadcrumb\"},\"inLanguage\":\"de\",\"potentialAction\":[{\"@type\":\"ReadAction\",\"target\":[\"https:\\\/\\\/elviart.com\\\/de\\\/gesellschaftliche-verantwortung\\\/\"]}]},{\"@type\":\"BreadcrumbList\",\"@id\":\"https:\\\/\\\/elviart.com\\\/de\\\/gesellschaftliche-verantwortung\\\/#breadcrumb\",\"itemListElement\":[{\"@type\":\"ListItem\",\"position\":1,\"name\":\"Home\",\"item\":\"https:\\\/\\\/elviart.com\\\/de\\\/\"},{\"@type\":\"ListItem\",\"position\":2,\"name\":\"Gesellschaftliche Verantwortung\"}]},{\"@type\":\"WebSite\",\"@id\":\"https:\\\/\\\/elviart.com\\\/de\\\/#website\",\"url\":\"https:\\\/\\\/elviart.com\\\/de\\\/\",\"name\":\"Elviart\",\"description\":\"\u03a0\u03af\u03c4\u03b5\u03c2 \u039a\u03b1\u03bb\u03bf\u03ca\u03b4\u03ac\u03c2, \u03c0\u03c1\u03ad\u03c0\u03b5\u03b9 \u03bd\u03b1 \u03c6\u03b1\u03c2\",\"potentialAction\":[{\"@type\":\"SearchAction\",\"target\":{\"@type\":\"EntryPoint\",\"urlTemplate\":\"https:\\\/\\\/elviart.com\\\/de\\\/?s={search_term_string}\"},\"query-input\":{\"@type\":\"PropertyValueSpecification\",\"valueRequired\":true,\"valueName\":\"search_term_string\"}}],\"inLanguage\":\"de\"}]}<\/script>\n<!-- \/ Yoast SEO plugin. -->","yoast_head_json":{"title":"Gesellschaftliche Verantwortung - Elviart","robots":{"index":"index","follow":"follow","max-snippet":"max-snippet:-1","max-image-preview":"max-image-preview:large","max-video-preview":"max-video-preview:-1"},"canonical":"https:\/\/elviart.com\/de\/gesellschaftliche-verantwortung\/","og_locale":"de_DE","og_type":"article","og_title":"Gesellschaftliche Verantwortung - Elviart","og_url":"https:\/\/elviart.com\/de\/gesellschaftliche-verantwortung\/","og_site_name":"Elviart","article_modified_time":"2018-08-06T12:17:20+00:00","twitter_card":"summary_large_image","twitter_misc":{"Gesch\u00e4tzte Lesezeit":"3\u00a0Minuten"},"schema":{"@context":"https:\/\/schema.org","@graph":[{"@type":"WebPage","@id":"https:\/\/elviart.com\/de\/gesellschaftliche-verantwortung\/","url":"https:\/\/elviart.com\/de\/gesellschaftliche-verantwortung\/","name":"Gesellschaftliche Verantwortung - Elviart","isPartOf":{"@id":"https:\/\/elviart.com\/de\/#website"},"datePublished":"2018-04-24T09:55:00+00:00","dateModified":"2018-08-06T12:17:20+00:00","breadcrumb":{"@id":"https:\/\/elviart.com\/de\/gesellschaftliche-verantwortung\/#breadcrumb"},"inLanguage":"de","potentialAction":[{"@type":"ReadAction","target":["https:\/\/elviart.com\/de\/gesellschaftliche-verantwortung\/"]}]},{"@type":"BreadcrumbList","@id":"https:\/\/elviart.com\/de\/gesellschaftliche-verantwortung\/#breadcrumb","itemListElement":[{"@type":"ListItem","position":1,"name":"Home","item":"https:\/\/elviart.com\/de\/"},{"@type":"ListItem","position":2,"name":"Gesellschaftliche Verantwortung"}]},{"@type":"WebSite","@id":"https:\/\/elviart.com\/de\/#website","url":"https:\/\/elviart.com\/de\/","name":"Elviart","description":"\u03a0\u03af\u03c4\u03b5\u03c2 \u039a\u03b1\u03bb\u03bf\u03ca\u03b4\u03ac\u03c2, \u03c0\u03c1\u03ad\u03c0\u03b5\u03b9 \u03bd\u03b1 \u03c6\u03b1\u03c2","potentialAction":[{"@type":"SearchAction","target":{"@type":"EntryPoint","urlTemplate":"https:\/\/elviart.com\/de\/?s={search_term_string}"},"query-input":{"@type":"PropertyValueSpecification","valueRequired":true,"valueName":"search_term_string"}}],"inLanguage":"de"}]}},"_links":{"self":[{"href":"https:\/\/elviart.com\/de\/wp-json\/wp\/v2\/pages\/8008","targetHints":{"allow":["GET"]}}],"collection":[{"href":"https:\/\/elviart.com\/de\/wp-json\/wp\/v2\/pages"}],"about":[{"href":"https:\/\/elviart.com\/de\/wp-json\/wp\/v2\/types\/page"}],"author":[{"embeddable":true,"href":"https:\/\/elviart.com\/de\/wp-json\/wp\/v2\/users\/1"}],"replies":[{"embeddable":true,"href":"https:\/\/elviart.com\/de\/wp-json\/wp\/v2\/comments?post=8008"}],"version-history":[{"count":2,"href":"https:\/\/elviart.com\/de\/wp-json\/wp\/v2\/pages\/8008\/revisions"}],"predecessor-version":[{"id":8011,"href":"https:\/\/elviart.com\/de\/wp-json\/wp\/v2\/pages\/8008\/revisions\/8011"}],"wp:attachment":[{"href":"https:\/\/elviart.com\/de\/wp-json\/wp\/v2\/media?parent=8008"}],"curies":[{"name":"wp","href":"https:\/\/api.w.org\/{rel}","templated":true}]}}