{"id":7930,"date":"2018-02-13T14:33:58","date_gmt":"2018-02-13T14:33:58","guid":{"rendered":"https:\/\/elviart.com\/certification\/"},"modified":"2026-02-17T14:17:09","modified_gmt":"2026-02-17T12:17:09","slug":"qualitaetssicherung-innovation","status":"publish","type":"page","link":"https:\/\/elviart.com\/de\/qualitaetssicherung-innovation\/","title":{"rendered":"Qualit\u00e4tssicherung &#038; Innovation"},"content":{"rendered":"<p><section id=\"el-company-profile\" class=\"bt_bb_section bt_bb_layout_boxed_1200 bt_bb_vertical_align_top bt_bb_top_spacing_large bt_bb_bottom_spacing_large elviart-parallax-bg\"  data-bt-override-class=\"null\"><div class=\"bt_bb_background_image_holder_wrapper\"><div class=\"bt_bb_background_image_holder\"  data-parallax-zoom-start=\"1\" data-parallax-zoom-end=\"1\" data-parallax-blur-start=\"0\" data-parallax-blur-end=\"0\" data-parallax-opacity-start=\"1\" data-parallax-opacity-end=\"1\" style=\" background-image:url(&#039;https:\/\/elviart.com\/wp-content\/uploads\/2018\/05\/pistopoihseis-1.jpg&#039;);\"><\/div><\/div><div class=\"bt_bb_port\"><div class=\"bt_bb_cell\"><div class=\"bt_bb_cell_inner\"><div class=\"bt_bb_row \"  data-bt-override-class=\"{}\"><div class=\"bt_bb_row_holder\" ><div  class=\"bt_bb_column col-xxl-12 col-xl-12 bt_bb_vertical_align_top bt_bb_align_left bt_bb_padding_normal\" style=\"; --column-width:12;\" data-width=\"12\" data-bt-override-class=\"{}\"><div class=\"bt_bb_column_content\"><div class=\"bt_bb_column_content_inner\"><div class=\"bt_bb_separator bt_bb_border_style_none bt_bb_top_spacing_normal\" data-bt-override-class=\"null\"><\/div><\/div><\/div><\/div><\/div><\/div><\/div><!-- cell_inner --><\/div><!-- cell --><\/div><!-- port --><\/section><section id=\"bt_bb_section69d64cfd02bce\" class=\"bt_bb_section bt_bb_layout_boxed_1200\"  data-bt-override-class=\"null\"><div class=\"bt_bb_port\"><div class=\"bt_bb_cell\"><div class=\"bt_bb_cell_inner\"><div class=\"bt_bb_row \"  data-bt-override-class=\"{}\"><div class=\"bt_bb_row_holder\" ><div  class=\"bt_bb_column col-xxl-12 col-xl-12 bt_bb_vertical_align_top bt_bb_align_left bt_bb_padding_normal\" style=\"; --column-width:12;\" data-width=\"12\" data-bt-override-class=\"{}\"><div class=\"bt_bb_column_content\"><div class=\"bt_bb_column_content_inner\"><div class=\"bt_bb_separator bt_bb_border_style_none bt_bb_top_spacing_medium\" data-bt-override-class=\"null\"><\/div><header class=\"bt_bb_headline elviart-gallery-title bt_bb_dash_none bt_bb_size_inherit bt_bb_align_inherit elviart-gallery-title\" data-bt-override-class=\"{}\"><h3 class=\"bt_bb_headline_tag\"><span class=\"bt_bb_headline_content\"><span>Zertifizierungen<\/span><\/span><\/h3><\/header><\/div><\/div><\/div><\/div><\/div><\/div><!-- cell_inner --><\/div><!-- cell --><\/div><!-- port --><\/section><section id=\"bt_bb_section69d64cfd02f50\" class=\"bt_bb_section bt_bb_layout_boxed_1200 bt_bb_vertical_align_top files-gallery-grid\"  data-bt-override-class=\"null\"><div class=\"bt_bb_port\"><div class=\"bt_bb_cell\"><div class=\"bt_bb_cell_inner\"><div class=\"bt_bb_row \"  data-bt-override-class=\"{}\"><div class=\"bt_bb_row_holder\" ><div  class=\"bt_bb_column col-xxl-6 col-xl-6 bt_bb_vertical_align_top bt_bb_align_left bt_bb_padding_normal\" style=\"; --column-width:6;\" data-width=\"6\" data-bt-override-class=\"{}\"><div class=\"bt_bb_column_content\"><div class=\"bt_bb_column_content_inner\"><div class=\"bt_bb_separator bt_bb_border_style_none bt_bb_top_spacing_normal\" data-bt-override-class=\"null\"><\/div><div class=\"bt_bb_image bt_bb_shape_square bt_bb_target_self bt_bb_align_inherit bt_bb_hover_style_simple bt_bb_content_display_always bt_bb_content_align_middle\" data-bt-override-class=\"{}\"><span><img fetchpriority=\"high\" decoding=\"async\" width=\"900\" height=\"547\" src=\"https:\/\/elviart.com\/wp-content\/uploads\/2018\/04\/photo-poiotikos-elegxos.jpg\" class=\"attachment-full size-full\" alt=\"https:\/\/elviart.com\/wp-content\/uploads\/2018\/04\/photo-poiotikos-elegxos.jpg\" data-full_image_src=\"https:\/\/elviart.com\/wp-content\/uploads\/2018\/04\/photo-poiotikos-elegxos.jpg\" title=\"photo-poiotikos-elegxos\" loading=\"eager\" srcset=\"https:\/\/elviart.com\/wp-content\/uploads\/2018\/04\/photo-poiotikos-elegxos.jpg 900w, https:\/\/elviart.com\/wp-content\/uploads\/2018\/04\/photo-poiotikos-elegxos-300x182.jpg 300w, https:\/\/elviart.com\/wp-content\/uploads\/2018\/04\/photo-poiotikos-elegxos-200x122.jpg 200w, https:\/\/elviart.com\/wp-content\/uploads\/2018\/04\/photo-poiotikos-elegxos-600x365.jpg 600w, https:\/\/elviart.com\/wp-content\/uploads\/2018\/04\/photo-poiotikos-elegxos-640x389.jpg 640w, https:\/\/elviart.com\/wp-content\/uploads\/2018\/04\/photo-poiotikos-elegxos-768x467.jpg 768w\" sizes=\"(max-width: 900px) 100vw, 900px\" \/><\/span><\/div><\/div><\/div><\/div><div  class=\"bt_bb_column col-xxl-6 col-xl-6 bt_bb_vertical_align_top bt_bb_align_left bt_bb_padding_normal\" style=\"; --column-width:6;\" data-width=\"6\" data-bt-override-class=\"{}\"><div class=\"bt_bb_column_content\"><div class=\"bt_bb_column_content_inner\"><div class=\"bt_bb_separator bt_bb_border_style_none bt_bb_top_spacing_normal\" data-bt-override-class=\"null\"><\/div><div  class=\"bt_bb_text\" ><\/p>\n<p>\nDie Qualit\u00e4t ist nicht nur ein fester Wert sondern auch eine Verpflichtung, die unser Unternehmen t\u00e4glich eingeht.<\/p>\n<p>Daher investieren wir laufend in innovative Ausr\u00fcstung und Fachpersonal, um Qualit\u00e4t, Sicherheit und Hygiene zu gew\u00e4hrleisten.<\/p>\n<p>In der internen Qualit\u00e4tsabteilung werden unsere Erzeugnisse in allen Produktionsphasen kontrolliert \u2013 von den Rohstoffen, \u00fcber die Herstellungsverfahren bis zu den Endprodukten und ihre Auslieferung.<\/p>\n<p>Wir wurden von den zust\u00e4ndigen Organisationen f\u00fcr unser Lebensmittelsicherheitsmanagementsystem nach den Standards IFS, ISO 22000:2018 und HALAL zertifiziert, die sich an den HACCP-Grunds\u00e4tzen orientieren. Diese zertifizierten Systeme werden von unserem wissenschaftlichen Personal durch Durchf\u00fchrung strenger Kontrollen an allen Produktionslinien angewendet, damit die Hygiene, Sicherheit und Qualit\u00e4t unserer Produkte gew\u00e4hrleistet ist.<\/p>\n<p>\n<\/div><\/div><\/div><\/div><\/div><\/div><div class=\"bt_bb_row \"  data-bt-override-class=\"{}\"><div class=\"bt_bb_row_holder\" ><div  class=\"bt_bb_column col-xxl-12 col-xl-12 bt_bb_vertical_align_top bt_bb_align_left bt_bb_padding_normal\" style=\"; --column-width:12;\" data-width=\"12\" data-bt-override-class=\"{}\"><div class=\"bt_bb_column_content\"><div class=\"bt_bb_column_content_inner\"><div class=\"bt_bb_separator bt_bb_border_style_none bt_bb_top_spacing_normal\" data-bt-override-class=\"null\"><\/div><div  class=\"bt_bb_text\" ><\/p>\n<p>\nAuf diese Weise setzen wir mit Unterst\u00fctzung unserer Mitarbeiter t\u00e4glich unsere Ziele um, um Ihre Bed\u00fcrfnisse zu erf\u00fcllen!<\/p>\n<p>Unser Personal wird systematisch auf den Gebieten Sicherheit und Hygiene geschult, damit wir in der Lage sind, Qualit\u00e4tsprodukte herzustellen und zugleich die Sicherheit unserer Arbeitnehmer zu gew\u00e4hrleisten.<\/p>\n<p>Au\u00dferdem investieren wir laufend in die Weiterbildung unserer Mitarbeiter. Vor diesem Hintergrund sind wir stets auf der Suche nach frischen Ideen, Formaten, Geschmacksrichtungen und Einsatzm\u00f6glichkeiten. Mithilfe von Marktforschung entwickeln wir unsere Produkte weiter und kreieren innovative Produkte die den Bed\u00fcrfnissen des Marktes sowohl auf Gro\u00dfhandelsebene als auch auf der Ebene der Gastronomie und des Einzelhandels nachkommen.<\/p>\n<p>\n<\/div><\/div><\/div><\/div><\/div><\/div><div class=\"bt_bb_row \"  data-bt-override-class=\"{}\"><div class=\"bt_bb_row_holder\" ><div  class=\"bt_bb_column col-xxl-12 col-xl-12 bt_bb_vertical_align_top bt_bb_align_left bt_bb_padding_normal\" style=\"; --column-width:12;\" data-width=\"12\" data-bt-override-class=\"{}\"><div class=\"bt_bb_column_content\"><div class=\"bt_bb_column_content_inner\"><div class=\"bt_bb_separator bt_bb_border_style_none bt_bb_top_spacing_small bt_bb_bottom_spacing_small\" data-bt-override-class=\"null\"><\/div><\/div><\/div><\/div><\/div><\/div><div class=\"bt_bb_row \"  data-bt-override-class=\"{}\"><div class=\"bt_bb_row_holder\" ><div  class=\"bt_bb_column col-xxl-12 col-xl-12 bt_bb_vertical_align_top bt_bb_align_left bt_bb_padding_normal\" style=\"; --column-width:12;\" data-width=\"12\" data-bt-override-class=\"{}\"><div class=\"bt_bb_column_content\"><div class=\"bt_bb_column_content_inner\"><div class=\"bt_bb_separator bt_bb_border_style_none bt_bb_top_spacing_small bt_bb_bottom_spacing_small\" data-bt-override-class=\"null\"><\/div><\/div><\/div><\/div><\/div><\/div><div class=\"bt_bb_row \"  data-bt-override-class=\"{}\"><div class=\"bt_bb_row_holder\" ><div  class=\"bt_bb_column col-xxl-12 col-xl-12 bt_bb_vertical_align_top bt_bb_align_left bt_bb_padding_normal\" style=\"; --column-width:12;\" data-width=\"12\" data-bt-override-class=\"{}\"><div class=\"bt_bb_column_content\"><div class=\"bt_bb_column_content_inner\"><header class=\"bt_bb_headline vm_head bt_bb_dash_none bt_bb_size_inherit bt_bb_align_center vm_head\" data-bt-override-class=\"{}\"><h2 class=\"bt_bb_headline_tag\"><span class=\"bt_bb_headline_content\"><span>Zertifizierungen<\/span><\/span><\/h2><\/header><\/div><\/div><\/div><\/div><\/div><div class=\"bt_bb_row \"  data-bt-override-class=\"{}\"><div class=\"bt_bb_row_holder\" ><div  class=\"bt_bb_column col-xxl-12 col-xl-12 bt_bb_vertical_align_top bt_bb_align_left bt_bb_padding_normal\" style=\"; --column-width:12;\" data-width=\"12\" data-bt-override-class=\"{}\"><div class=\"bt_bb_column_content\"><div class=\"bt_bb_column_content_inner\"><div class=\"bt_bb_separator bt_bb_border_style_none bt_bb_top_spacing_small bt_bb_bottom_spacing_small\" data-bt-override-class=\"null\"><\/div><\/div><\/div><\/div><\/div><\/div><div class=\"bt_bb_row  certsrow bt_bb_column_gap_25\" style=\"; --column-gap:25px;\" data-bt-override-class=\"{}\"><div class=\"bt_bb_row_holder\" ><div  class=\"bt_bb_column col-xxl-4 col-xl-4 col-xs-12 col-sm-12 col-md-12 col-lg-4 file-col bt_bb_vertical_align_middle bt_bb_align_center bt_bb_padding_normal\" style=\"; --column-width:4;\" data-width=\"4\" data-bt-override-class=\"{}\"><div class=\"bt_bb_column_content\"><div class=\"bt_bb_column_content_inner\"><div data-bb-version=\"5.5.7\" class=\"bt_bb_image certimages bt_bb_shape_square bt_bb_target_self bt_bb_align_inherit bt_bb_hover_style_simple bt_bb_content_display_always bt_bb_content_align_middle\" data-bt-override-class=\"{&quot;bt_bb_align_&quot;:{&quot;current_class&quot;:&quot;bt_bb_align_inherit&quot;,&quot;def&quot;:&quot;inherit&quot;},&quot;bt_bb_content_display_&quot;:{&quot;current_class&quot;:&quot;bt_bb_content_display_always&quot;,&quot;def&quot;:&quot;always&quot;},&quot;bt_bb_animation_&quot;:{&quot;current_class&quot;:&quot;bt_bb_animation_no_animation&quot;,&quot;def&quot;:&quot;no_animation&quot;}}\"><a href=\"https:\/\/elviart.com\/wp-content\/uploads\/2026\/01\/CERTIFICATE-ELVIART-IFS-2025.pdf\"  target=\"_self\" title=\"IFS\"><img decoding=\"async\" width=\"300\" height=\"300\" src=\"https:\/\/elviart.com\/wp-content\/uploads\/2024\/03\/IFS.png\" class=\"attachment-full size-full\" alt=\"https:\/\/elviart.com\/wp-content\/uploads\/2024\/03\/IFS.png\" data-full_image_src=\"https:\/\/elviart.com\/wp-content\/uploads\/2024\/03\/IFS.png\" title=\"IFS\" loading=\"eager\" srcset=\"https:\/\/elviart.com\/wp-content\/uploads\/2024\/03\/IFS.png 300w, https:\/\/elviart.com\/wp-content\/uploads\/2024\/03\/IFS-160x160.png 160w, https:\/\/elviart.com\/wp-content\/uploads\/2024\/03\/IFS-320x320.png 320w, https:\/\/elviart.com\/wp-content\/uploads\/2024\/03\/IFS-640x640.png 640w, https:\/\/elviart.com\/wp-content\/uploads\/2024\/03\/IFS-1280x1280.png 1280w, https:\/\/elviart.com\/wp-content\/uploads\/2024\/03\/IFS-200x200.png 200w\" sizes=\"(max-width: 300px) 100vw, 300px\" \/><\/a><\/div><header data-bb-version=\"4.8.4\" class=\"bt_bb_headline bt_bb_subheadline_text_transform_default bt_bb_dash_none bt_bb_superheadline bt_bb_size_inherit bt_bb_align_inherit\" data-bt-override-class=\"{&quot;bt_bb_size_&quot;:{&quot;current_class&quot;:&quot;bt_bb_size_inherit&quot;,&quot;def&quot;:&quot;inherit&quot;},&quot;bt_bb_align_&quot;:{&quot;current_class&quot;:&quot;bt_bb_align_inherit&quot;,&quot;def&quot;:&quot;inherit&quot;}}\"><h3 class=\"bt_bb_headline_tag\"><span class=\"bt_bb_headline_superheadline\">IFS<\/span><\/h3><\/header><div class=\"bt_bb_separator bt_bb_border_style_none bt_bb_top_spacing_normal\" data-bt-override-class=\"null\"><\/div><div data-bb-version=\"5.5.7\" class=\"bt_bb_button bt_bb_button global-btn bt_bb_icon_position_left bt_bb_style_outline bt_bb_size_small bt_bb_width_inline bt_bb_shape_inherit bt_bb_target_blank bt_bb_text_transform_inherit bt_bb_align_inherit\" data-bt-override-class=\"{&quot;bt_bb_size_&quot;:{&quot;current_class&quot;:&quot;bt_bb_size_small&quot;,&quot;def&quot;:&quot;small&quot;},&quot;bt_bb_width_&quot;:{&quot;current_class&quot;:&quot;bt_bb_width_inline&quot;,&quot;def&quot;:&quot;inline&quot;},&quot;bt_bb_align_&quot;:{&quot;current_class&quot;:&quot;bt_bb_align_inherit&quot;,&quot;def&quot;:&quot;inherit&quot;},&quot;bt_bb_animation_&quot;:{&quot;current_class&quot;:&quot;bt_bb_animation_no_animation&quot;,&quot;def&quot;:&quot;no_animation&quot;}}\"><a href=\"https:\/\/elviart.com\/wp-content\/uploads\/2026\/01\/CERTIFICATE-ELVIART-IFS-2025.pdf\" target=\"_blank\" class=\"bt_bb_link\" title=\"Download-Datei\"><span class=\"bt_bb_button_text\" >Download-Datei<\/span><\/a><\/div><\/div><\/div><\/div><div  class=\"bt_bb_column col-xxl-4 col-xl-4 col-xs-12 col-sm-12 col-md-12 col-lg-4 file-col bt_bb_vertical_align_middle bt_bb_align_center bt_bb_padding_normal\" style=\"; --column-width:4;\" data-width=\"4\" data-bt-override-class=\"{}\"><div class=\"bt_bb_column_content\"><div class=\"bt_bb_column_content_inner\"><div data-bb-version=\"5.6.4\" class=\"bt_bb_image certimages bt_bb_shape_square bt_bb_target_self bt_bb_align_inherit bt_bb_hover_style_simple bt_bb_content_display_always bt_bb_content_align_middle\" data-bt-override-class=\"{&quot;bt_bb_align_&quot;:{&quot;current_class&quot;:&quot;bt_bb_align_inherit&quot;,&quot;def&quot;:&quot;inherit&quot;},&quot;bt_bb_content_display_&quot;:{&quot;current_class&quot;:&quot;bt_bb_content_display_always&quot;,&quot;def&quot;:&quot;always&quot;},&quot;bt_bb_animation_&quot;:{&quot;current_class&quot;:&quot;bt_bb_animation_no_animation&quot;,&quot;def&quot;:&quot;no_animation&quot;}}\"><a href=\"https:\/\/elviart.com\/wp-content\/uploads\/2026\/01\/Certificate-ISO-22000-EN-ELVIAR-KALOIDAS.pdf\"  target=\"_self\" title=\"Q-CERT-SAFE-svg\"><img decoding=\"async\" width=\"576\" height=\"655\" src=\"https:\/\/elviart.com\/wp-content\/uploads\/2026\/02\/Q-CERT-SAFE-svg.png\" class=\"attachment-full size-full\" alt=\"https:\/\/elviart.com\/wp-content\/uploads\/2026\/02\/Q-CERT-SAFE-svg.png\" data-full_image_src=\"https:\/\/elviart.com\/wp-content\/uploads\/2026\/02\/Q-CERT-SAFE-svg.png\" title=\"Q-CERT-SAFE-svg\" loading=\"eager\" srcset=\"https:\/\/elviart.com\/wp-content\/uploads\/2026\/02\/Q-CERT-SAFE-svg.png 576w, https:\/\/elviart.com\/wp-content\/uploads\/2026\/02\/Q-CERT-SAFE-svg-300x341.png 300w, https:\/\/elviart.com\/wp-content\/uploads\/2026\/02\/Q-CERT-SAFE-svg-176x200.png 176w\" sizes=\"(max-width: 576px) 100vw, 576px\" \/><\/a><\/div><header class=\"bt_bb_headline bt_bb_dash_none bt_bb_superheadline bt_bb_size_inherit bt_bb_align_inherit\" data-bt-override-class=\"{}\"><h3 class=\"bt_bb_headline_tag\"><span class=\"bt_bb_headline_superheadline\">ISO 22000<\/span><\/h3><\/header><div class=\"bt_bb_separator bt_bb_border_style_none bt_bb_top_spacing_normal\" data-bt-override-class=\"null\"><\/div><div data-bb-version=\"5.5.7\" class=\"bt_bb_button bt_bb_button global-btn bt_bb_icon_position_left bt_bb_style_outline bt_bb_size_small bt_bb_width_inline bt_bb_shape_inherit bt_bb_target_blank bt_bb_text_transform_inherit bt_bb_align_inherit\" data-bt-override-class=\"{&quot;bt_bb_size_&quot;:{&quot;current_class&quot;:&quot;bt_bb_size_small&quot;,&quot;def&quot;:&quot;small&quot;},&quot;bt_bb_width_&quot;:{&quot;current_class&quot;:&quot;bt_bb_width_inline&quot;,&quot;def&quot;:&quot;inline&quot;},&quot;bt_bb_align_&quot;:{&quot;current_class&quot;:&quot;bt_bb_align_inherit&quot;,&quot;def&quot;:&quot;inherit&quot;},&quot;bt_bb_animation_&quot;:{&quot;current_class&quot;:&quot;bt_bb_animation_no_animation&quot;,&quot;def&quot;:&quot;no_animation&quot;}}\"><a href=\"https:\/\/elviart.com\/wp-content\/uploads\/2026\/01\/Certificate-ISO-22000-EN-ELVIAR-KALOIDAS.pdf\" target=\"_blank\" class=\"bt_bb_link\" title=\"Download-Datei\"><span class=\"bt_bb_button_text\" >Download-Datei<\/span><\/a><\/div><\/div><\/div><\/div><div  class=\"bt_bb_column col-xxl-4 col-xl-4 col-xs-12 col-sm-12 col-md-12 col-lg-4 file-col bt_bb_vertical_align_middle bt_bb_align_center bt_bb_padding_normal\" style=\"; --column-width:4;\" data-width=\"4\" data-bt-override-class=\"{}\"><div class=\"bt_bb_column_content\"><div class=\"bt_bb_column_content_inner\"><div data-bb-version=\"5.4.2\" class=\"bt_bb_image certimages bt_bb_shape_square bt_bb_target_self bt_bb_align_inherit bt_bb_hover_style_simple bt_bb_content_display_always bt_bb_content_align_middle\" data-bt-override-class=\"{&quot;bt_bb_align_&quot;:{&quot;current_class&quot;:&quot;bt_bb_align_inherit&quot;,&quot;def&quot;:&quot;inherit&quot;},&quot;bt_bb_content_display_&quot;:{&quot;current_class&quot;:&quot;bt_bb_content_display_always&quot;,&quot;def&quot;:&quot;always&quot;},&quot;bt_bb_animation_&quot;:{&quot;current_class&quot;:&quot;bt_bb_animation_no_animation&quot;,&quot;def&quot;:&quot;no_animation&quot;}}\"><a href=\"https:\/\/elviart.com\/wp-content\/uploads\/2025\/08\/Halal-Certificate-2025.pdf\"  target=\"_self\" title=\"halal\"><img decoding=\"async\" width=\"144\" height=\"144\" src=\"https:\/\/elviart.com\/wp-content\/uploads\/2018\/05\/halal-1.png\" class=\"attachment-full size-full\" alt=\"https:\/\/elviart.com\/wp-content\/uploads\/2018\/05\/halal-1.png\" data-full_image_src=\"https:\/\/elviart.com\/wp-content\/uploads\/2018\/05\/halal-1.png\" title=\"halal\" loading=\"eager\" srcset=\"https:\/\/elviart.com\/wp-content\/uploads\/2018\/05\/halal-1.png 144w, https:\/\/elviart.com\/wp-content\/uploads\/2018\/05\/halal-1-160x160.png 160w, https:\/\/elviart.com\/wp-content\/uploads\/2018\/05\/halal-1-320x320.png 320w, https:\/\/elviart.com\/wp-content\/uploads\/2018\/05\/halal-1-640x640.png 640w, https:\/\/elviart.com\/wp-content\/uploads\/2018\/05\/halal-1-1280x1280.png 1280w\" sizes=\"(max-width: 144px) 100vw, 144px\" \/><\/a><\/div><header class=\"bt_bb_headline bt_bb_dash_none bt_bb_superheadline bt_bb_size_inherit bt_bb_align_inherit\" data-bt-override-class=\"{}\"><h3 class=\"bt_bb_headline_tag\"><span class=\"bt_bb_headline_superheadline\">HALAL<\/span><\/h3><\/header><div class=\"bt_bb_separator bt_bb_border_style_none bt_bb_top_spacing_normal\" data-bt-override-class=\"null\"><\/div><div data-bb-version=\"5.4.2\" class=\"bt_bb_button bt_bb_button global-btn bt_bb_icon_position_left bt_bb_style_outline bt_bb_size_small bt_bb_width_inline bt_bb_shape_inherit bt_bb_target_blank bt_bb_text_transform_inherit bt_bb_align_inherit\" data-bt-override-class=\"{&quot;bt_bb_size_&quot;:{&quot;current_class&quot;:&quot;bt_bb_size_small&quot;,&quot;def&quot;:&quot;small&quot;},&quot;bt_bb_align_&quot;:{&quot;current_class&quot;:&quot;bt_bb_align_inherit&quot;,&quot;def&quot;:&quot;inherit&quot;},&quot;bt_bb_animation_&quot;:{&quot;current_class&quot;:&quot;bt_bb_animation_no_animation&quot;,&quot;def&quot;:&quot;no_animation&quot;}}\"><a href=\"https:\/\/elviart.com\/wp-content\/uploads\/2025\/08\/Halal-Certificate-2025.pdf\" target=\"_blank\" class=\"bt_bb_link\" title=\"Download-Datei\"><span class=\"bt_bb_button_text\" >Download-Datei<\/span><\/a><\/div><\/div><\/div><\/div><\/div><\/div><\/div><!-- cell_inner --><\/div><!-- cell --><\/div><!-- port --><\/section><section id=\"bt_bb_section69d64cfd05377\" class=\"bt_bb_section bt_bb_layout_boxed_1200\"  data-bt-override-class=\"null\"><div class=\"bt_bb_port\"><div class=\"bt_bb_cell\"><div class=\"bt_bb_cell_inner\"><div class=\"bt_bb_row \"  data-bt-override-class=\"{}\"><div class=\"bt_bb_row_holder\" ><div  class=\"bt_bb_column col-xxl-12 col-xl-12 bt_bb_vertical_align_top bt_bb_align_left bt_bb_padding_normal\" style=\"; --column-width:12;\" data-width=\"12\" data-bt-override-class=\"{}\"><div class=\"bt_bb_column_content\"><div class=\"bt_bb_column_content_inner\"><div class=\"bt_bb_separator bt_bb_border_style_none bt_bb_top_spacing_large bt_bb_bottom_spacing_small\" data-bt-override-class=\"{&quot;bt_bb_top_spacing_&quot;:{&quot;current_class&quot;:&quot;bt_bb_top_spacing_large&quot;,&quot;def&quot;:&quot;large&quot;,&quot;xl&quot;:&quot;large&quot;},&quot;bt_bb_bottom_spacing_&quot;:{&quot;current_class&quot;:&quot;bt_bb_bottom_spacing_small&quot;,&quot;def&quot;:&quot;small&quot;,&quot;xl&quot;:&quot;small&quot;}}\"><\/div><\/div><\/div><\/div><\/div><\/div><\/div><!-- cell_inner --><\/div><!-- cell --><\/div><!-- port --><\/section><\/p>\n","protected":false},"excerpt":{"rendered":"","protected":false},"author":1,"featured_media":0,"parent":0,"menu_order":0,"comment_status":"closed","ping_status":"closed","template":"","meta":{"footnotes":""},"class_list":["post-7930","page","type-page","status-publish","hentry"],"yoast_head":"<!-- This site is optimized with the Yoast SEO plugin v27.3 - https:\/\/yoast.com\/product\/yoast-seo-wordpress\/ -->\n<title>Qualit\u00e4tssicherung &amp; Innovation - Elviart<\/title>\n<meta name=\"robots\" content=\"index, follow, max-snippet:-1, max-image-preview:large, max-video-preview:-1\" \/>\n<link rel=\"canonical\" href=\"https:\/\/elviart.com\/de\/qualitaetssicherung-innovation\/\" \/>\n<meta property=\"og:locale\" content=\"de_DE\" \/>\n<meta property=\"og:type\" content=\"article\" \/>\n<meta property=\"og:title\" content=\"Qualit\u00e4tssicherung &amp; Innovation - Elviart\" \/>\n<meta property=\"og:url\" content=\"https:\/\/elviart.com\/de\/qualitaetssicherung-innovation\/\" \/>\n<meta property=\"og:site_name\" content=\"Elviart\" \/>\n<meta property=\"article:modified_time\" content=\"2026-02-17T12:17:09+00:00\" \/>\n<meta name=\"twitter:card\" content=\"summary_large_image\" \/>\n<meta name=\"twitter:label1\" content=\"Gesch\u00e4tzte Lesezeit\" \/>\n\t<meta name=\"twitter:data1\" content=\"2\u00a0Minuten\" \/>\n<script type=\"application\/ld+json\" class=\"yoast-schema-graph\">{\"@context\":\"https:\\\/\\\/schema.org\",\"@graph\":[{\"@type\":\"WebPage\",\"@id\":\"https:\\\/\\\/elviart.com\\\/de\\\/qualitaetssicherung-innovation\\\/\",\"url\":\"https:\\\/\\\/elviart.com\\\/de\\\/qualitaetssicherung-innovation\\\/\",\"name\":\"Qualit\u00e4tssicherung & Innovation - Elviart\",\"isPartOf\":{\"@id\":\"https:\\\/\\\/elviart.com\\\/de\\\/#website\"},\"datePublished\":\"2018-02-13T14:33:58+00:00\",\"dateModified\":\"2026-02-17T12:17:09+00:00\",\"breadcrumb\":{\"@id\":\"https:\\\/\\\/elviart.com\\\/de\\\/qualitaetssicherung-innovation\\\/#breadcrumb\"},\"inLanguage\":\"de\",\"potentialAction\":[{\"@type\":\"ReadAction\",\"target\":[\"https:\\\/\\\/elviart.com\\\/de\\\/qualitaetssicherung-innovation\\\/\"]}]},{\"@type\":\"BreadcrumbList\",\"@id\":\"https:\\\/\\\/elviart.com\\\/de\\\/qualitaetssicherung-innovation\\\/#breadcrumb\",\"itemListElement\":[{\"@type\":\"ListItem\",\"position\":1,\"name\":\"Home\",\"item\":\"https:\\\/\\\/elviart.com\\\/de\\\/\"},{\"@type\":\"ListItem\",\"position\":2,\"name\":\"Qualit\u00e4tssicherung &#038; Innovation\"}]},{\"@type\":\"WebSite\",\"@id\":\"https:\\\/\\\/elviart.com\\\/de\\\/#website\",\"url\":\"https:\\\/\\\/elviart.com\\\/de\\\/\",\"name\":\"Elviart\",\"description\":\"\u03a0\u03af\u03c4\u03b5\u03c2 \u039a\u03b1\u03bb\u03bf\u03ca\u03b4\u03ac\u03c2, \u03c0\u03c1\u03ad\u03c0\u03b5\u03b9 \u03bd\u03b1 \u03c6\u03b1\u03c2\",\"potentialAction\":[{\"@type\":\"SearchAction\",\"target\":{\"@type\":\"EntryPoint\",\"urlTemplate\":\"https:\\\/\\\/elviart.com\\\/de\\\/?s={search_term_string}\"},\"query-input\":{\"@type\":\"PropertyValueSpecification\",\"valueRequired\":true,\"valueName\":\"search_term_string\"}}],\"inLanguage\":\"de\"}]}<\/script>\n<!-- \/ Yoast SEO plugin. -->","yoast_head_json":{"title":"Qualit\u00e4tssicherung & Innovation - Elviart","robots":{"index":"index","follow":"follow","max-snippet":"max-snippet:-1","max-image-preview":"max-image-preview:large","max-video-preview":"max-video-preview:-1"},"canonical":"https:\/\/elviart.com\/de\/qualitaetssicherung-innovation\/","og_locale":"de_DE","og_type":"article","og_title":"Qualit\u00e4tssicherung & Innovation - Elviart","og_url":"https:\/\/elviart.com\/de\/qualitaetssicherung-innovation\/","og_site_name":"Elviart","article_modified_time":"2026-02-17T12:17:09+00:00","twitter_card":"summary_large_image","twitter_misc":{"Gesch\u00e4tzte Lesezeit":"2\u00a0Minuten"},"schema":{"@context":"https:\/\/schema.org","@graph":[{"@type":"WebPage","@id":"https:\/\/elviart.com\/de\/qualitaetssicherung-innovation\/","url":"https:\/\/elviart.com\/de\/qualitaetssicherung-innovation\/","name":"Qualit\u00e4tssicherung & Innovation - Elviart","isPartOf":{"@id":"https:\/\/elviart.com\/de\/#website"},"datePublished":"2018-02-13T14:33:58+00:00","dateModified":"2026-02-17T12:17:09+00:00","breadcrumb":{"@id":"https:\/\/elviart.com\/de\/qualitaetssicherung-innovation\/#breadcrumb"},"inLanguage":"de","potentialAction":[{"@type":"ReadAction","target":["https:\/\/elviart.com\/de\/qualitaetssicherung-innovation\/"]}]},{"@type":"BreadcrumbList","@id":"https:\/\/elviart.com\/de\/qualitaetssicherung-innovation\/#breadcrumb","itemListElement":[{"@type":"ListItem","position":1,"name":"Home","item":"https:\/\/elviart.com\/de\/"},{"@type":"ListItem","position":2,"name":"Qualit\u00e4tssicherung &#038; Innovation"}]},{"@type":"WebSite","@id":"https:\/\/elviart.com\/de\/#website","url":"https:\/\/elviart.com\/de\/","name":"Elviart","description":"\u03a0\u03af\u03c4\u03b5\u03c2 \u039a\u03b1\u03bb\u03bf\u03ca\u03b4\u03ac\u03c2, \u03c0\u03c1\u03ad\u03c0\u03b5\u03b9 \u03bd\u03b1 \u03c6\u03b1\u03c2","potentialAction":[{"@type":"SearchAction","target":{"@type":"EntryPoint","urlTemplate":"https:\/\/elviart.com\/de\/?s={search_term_string}"},"query-input":{"@type":"PropertyValueSpecification","valueRequired":true,"valueName":"search_term_string"}}],"inLanguage":"de"}]}},"_links":{"self":[{"href":"https:\/\/elviart.com\/de\/wp-json\/wp\/v2\/pages\/7930","targetHints":{"allow":["GET"]}}],"collection":[{"href":"https:\/\/elviart.com\/de\/wp-json\/wp\/v2\/pages"}],"about":[{"href":"https:\/\/elviart.com\/de\/wp-json\/wp\/v2\/types\/page"}],"author":[{"embeddable":true,"href":"https:\/\/elviart.com\/de\/wp-json\/wp\/v2\/users\/1"}],"replies":[{"embeddable":true,"href":"https:\/\/elviart.com\/de\/wp-json\/wp\/v2\/comments?post=7930"}],"version-history":[{"count":26,"href":"https:\/\/elviart.com\/de\/wp-json\/wp\/v2\/pages\/7930\/revisions"}],"predecessor-version":[{"id":19031,"href":"https:\/\/elviart.com\/de\/wp-json\/wp\/v2\/pages\/7930\/revisions\/19031"}],"wp:attachment":[{"href":"https:\/\/elviart.com\/de\/wp-json\/wp\/v2\/media?parent=7930"}],"curies":[{"name":"wp","href":"https:\/\/api.w.org\/{rel}","templated":true}]}}